{"id":1226,"date":"2019-02-19T11:05:09","date_gmt":"2019-02-19T10:05:09","guid":{"rendered":"https:\/\/websites.fraunhofer.de\/seniordesignlab\/?page_id=1226"},"modified":"2019-08-15T16:30:35","modified_gmt":"2019-08-15T14:30:35","slug":"kontakt-2","status":"publish","type":"page","link":"https:\/\/seniordesignlab.de\/index.php\/kontakt-2\/","title":{"rendered":"Kontakt"},"content":{"rendered":"<p>[et_pb_section fb_built=&#8220;1&#8243; _builder_version=&#8220;3.22.3&#8243; background_color=&#8220;#67ada8&#8243; custom_padding=&#8220;100px|0px|40px|0px|false|false&#8220;][et_pb_row custom_padding=&#8220;0|0px|0|0px|false|false&#8220; _builder_version=&#8220;3.25&#8243; column_structure=&#8220;1_3,1_3,1_3&#8243;][et_pb_column type=&#8220;1_3&#8243; _builder_version=&#8220;3.25&#8243; custom_padding=&#8220;|||&#8220; custom_padding__hover=&#8220;|||&#8220;][et_pb_text _builder_version=&#8220;3.19.5&#8243; text_font=&#8220;Roboto|600|||||||&#8220; header_font=&#8220;Roboto|600|||||||&#8220; header_text_color=&#8220;#fbf0b9&#8243; header_font_size=&#8220;55px&#8220; header_letter_spacing=&#8220;1px&#8220; header_line_height=&#8220;1.2em&#8220;]<\/p>\n<h1 style=\"text-align: right;\">Mitglieder im Projekt<\/h1>\n<p>[\/et_pb_text][\/et_pb_column][et_pb_column type=&#8220;1_3&#8243; _builder_version=&#8220;3.25&#8243; custom_padding=&#8220;|||&#8220; custom_padding__hover=&#8220;|||&#8220;][\/et_pb_column][et_pb_column type=&#8220;1_3&#8243; _builder_version=&#8220;3.25&#8243; custom_padding=&#8220;|||&#8220; custom_padding__hover=&#8220;|||&#8220;][\/et_pb_column][\/et_pb_row][\/et_pb_section][et_pb_section fb_built=&#8220;1&#8243; _builder_version=&#8220;3.22.3&#8243; background_color=&#8220;#67ada8&#8243; custom_padding=&#8220;0|0px|0px|0px|false|false&#8220;][et_pb_row custom_padding=&#8220;0|0px|0|0px|false|false&#8220; _builder_version=&#8220;3.25&#8243; column_structure=&#8220;1_3,1_3,1_3&#8243;][et_pb_column type=&#8220;1_3&#8243; _builder_version=&#8220;3.25&#8243; custom_padding=&#8220;|||&#8220; custom_padding__hover=&#8220;|||&#8220;][et_pb_blurb title=&#8220;Koordiniert das Projekt:&#8220; url_new_window=&#8220;on&#8220; _builder_version=&#8220;3.21.1&#8243; header_font=&#8220;Roboto||||||||&#8220; header_text_color=&#8220;#32454c&#8220; header_font_size=&#8220;20px&#8220; body_font=&#8220;Roboto|300|||||||&#8220; body_text_color=&#8220;#32454c&#8220; body_font_size=&#8220;20px&#8220; text_orientation=&#8220;right&#8220; custom_margin=&#8220;0px||&#8220; animation=&#8220;off&#8220;]<\/p>\n<p>Fraunhofer UMSICHT<br \/> Osterfelder Stra\u00dfe 3<br \/> 46047 Oberhausen<\/p>\n<p>[\/et_pb_blurb][et_pb_button button_url=&#8220;#Kontaktformular&#8220; url_new_window=&#8220;on&#8220; button_text=&#8220;Kontaktformular&#8220; button_alignment=&#8220;right&#8220; _builder_version=&#8220;3.19.18&#8243; custom_button=&#8220;on&#8220; button_text_size=&#8220;20px&#8220; button_text_color=&#8220;#67ada8&#8243; button_bg_color=&#8220;#32454c&#8220; button_border_color=&#8220;#32454c&#8220; button_border_radius=&#8220;3px&#8220; button_font=&#8220;Roboto||||||||&#8220; button_use_icon=&#8220;off&#8220;]<br \/>\n[\/et_pb_button][et_pb_button button_url=&#8220;http:\/\/www.umsicht.fraunhofer.de&#8220; url_new_window=&#8220;on&#8220; button_text=&#8220;Web&#8220; button_alignment=&#8220;right&#8220; _builder_version=&#8220;3.21.1&#8243; custom_button=&#8220;on&#8220; button_text_size=&#8220;20px&#8220; button_text_color=&#8220;#67ada8&#8243; button_bg_color=&#8220;#32454c&#8220; button_border_color=&#8220;#32454c&#8220; button_border_radius=&#8220;3px&#8220; button_font=&#8220;Roboto||||||||&#8220; button_use_icon=&#8220;off&#8220; custom_margin=&#8220;||40px&#8220;]<br \/>\n[\/et_pb_button][\/et_pb_column][et_pb_column type=&#8220;1_3&#8243; _builder_version=&#8220;3.25&#8243; custom_padding=&#8220;|||&#8220; custom_padding__hover=&#8220;|||&#8220;][et_pb_blurb title=&#8220;Hilft im Alltag:&#8220; url_new_window=&#8220;on&#8220; _builder_version=&#8220;3.21.1&#8243; header_font=&#8220;Roboto||||||||&#8220; header_text_color=&#8220;#fbf0b9&#8243; header_font_size=&#8220;20px&#8220; body_font=&#8220;Roboto|300|||||||&#8220; body_text_color=&#8220;#fbf0b9&#8243; body_font_size=&#8220;20px&#8220; custom_margin=&#8220;||&#8220; animation=&#8220;off&#8220;]<\/p>\n<p>Sanit\u00e4tshaus Kraft<br \/> Kl\u00f6nnestra\u00dfe 86<br \/> 44143 Dortmund<\/p>\n<p>[\/et_pb_blurb][et_pb_button button_url=&#8220;http:\/\/www.san-kraft.de&#8220; url_new_window=&#8220;on&#8220; button_text=&#8220;Web&#8220; button_alignment=&#8220;left&#8220; _builder_version=&#8220;3.21.1&#8243; custom_button=&#8220;on&#8220; button_text_size=&#8220;20px&#8220; button_text_color=&#8220;#67ada8&#8243; button_bg_color=&#8220;#fbf0b9&#8243; button_border_color=&#8220;#fbf0b9&#8243; button_border_radius=&#8220;3px&#8220; button_font=&#8220;Roboto||||||||&#8220; button_use_icon=&#8220;off&#8220; custom_margin=&#8220;||40px&#8220; custom_padding=&#8220;||&#8220;]<br \/>\n[\/et_pb_button][et_pb_blurb title=&#8220;Wei\u00df wie Nutzer ticken:&#8220; url_new_window=&#8220;on&#8220; _builder_version=&#8220;3.21.1&#8243; header_font=&#8220;Roboto||||||||&#8220; header_text_color=&#8220;#fbf0b9&#8243; header_font_size=&#8220;20px&#8220; body_font=&#8220;Roboto|300|||||||&#8220; body_text_color=&#8220;#fbf0b9&#8243; body_font_size=&#8220;20px&#8220; custom_margin=&#8220;60px||&#8220; animation=&#8220;off&#8220;]<\/p>\n<p>Bergische Universit\u00e4t Wuppertal<br \/> Lehrstuhl f\u00fcr Arbeits-, Organisations- und Wirtschaftspsychologie (AOW)<br \/> Gau\u00dfstra\u00dfe 20<br \/> 42119 Wuppertal<\/p>\n<p>[\/et_pb_blurb][et_pb_button button_url=&#8220;https:\/\/aow.uni-wuppertal.de\/&#8220; url_new_window=&#8220;on&#8220; button_text=&#8220;Web&#8220; button_alignment=&#8220;left&#8220; _builder_version=&#8220;3.21.1&#8243; custom_button=&#8220;on&#8220; button_text_size=&#8220;20px&#8220; button_text_color=&#8220;#67ada8&#8243; button_bg_color=&#8220;#fbf0b9&#8243; button_border_color=&#8220;#fbf0b9&#8243; button_border_radius=&#8220;3px&#8220; button_font=&#8220;Roboto||||||||&#8220; button_use_icon=&#8220;off&#8220; custom_margin=&#8220;||40px&#8220; custom_padding=&#8220;||&#8220;]<br \/>\n[\/et_pb_button][\/et_pb_column][et_pb_column type=&#8220;1_3&#8243; _builder_version=&#8220;3.25&#8243; custom_padding=&#8220;|||&#8220; custom_padding__hover=&#8220;|||&#8220;][et_pb_blurb title=&#8220;Gibt Raum zur Fertigung:&#8220; url_new_window=&#8220;on&#8220; _builder_version=&#8220;3.21.1&#8243; header_font=&#8220;Roboto||||||||&#8220; header_text_color=&#8220;#fbf0b9&#8243; header_font_size=&#8220;20px&#8220; body_font=&#8220;Roboto|300|||||||&#8220; body_text_color=&#8220;#fbf0b9&#8243; body_font_size=&#8220;20px&#8220; custom_margin=&#8220;||&#8220; animation=&#8220;off&#8220;]<\/p>\n<p>DEZENTRALE<br \/> Richardstra\u00dfe 18<br \/> 44137 Dortmund<\/p>\n<p>[\/et_pb_blurb][et_pb_button button_url=&#8220;http:\/\/www.dezentrale-dortmund.de&#8220; url_new_window=&#8220;on&#8220; button_text=&#8220;Web&#8220; button_alignment=&#8220;left&#8220; _builder_version=&#8220;3.21.1&#8243; custom_button=&#8220;on&#8220; button_text_size=&#8220;20px&#8220; button_text_color=&#8220;#67ada8&#8243; button_bg_color=&#8220;#fbf0b9&#8243; button_border_color=&#8220;#fbf0b9&#8243; button_border_radius=&#8220;3px&#8220; button_font=&#8220;Roboto||||||||&#8220; button_use_icon=&#8220;off&#8220; custom_margin=&#8220;||40px&#8220;]<br \/>\n[\/et_pb_button][et_pb_blurb title=&#8220;Verwandelt Ideen in Formen:&#8220; url_new_window=&#8220;on&#8220; _builder_version=&#8220;3.21.1&#8243; header_font=&#8220;Roboto||||||||&#8220; header_text_align=&#8220;left&#8220; header_text_color=&#8220;#fbf0b9&#8243; header_font_size=&#8220;20px&#8220; body_font=&#8220;Roboto|300|||||||&#8220; body_text_align=&#8220;left&#8220; body_text_color=&#8220;#fbf0b9&#8243; body_font_size=&#8220;20px&#8220; custom_margin=&#8220;60px||&#8220; animation=&#8220;off&#8220;]<\/p>\n<p>MMID GmbH<br \/> Zollverein-Heinrich-Imig-Stra\u00dfe 10A<br \/> Geb\u00e4ude C90<br \/> 45141 Essen<\/p>\n<p>[\/et_pb_blurb][et_pb_button button_url=&#8220;mailto:look@mmid.de&#8220; url_new_window=&#8220;on&#8220; button_text=&#8220;Mail&#8220; button_alignment=&#8220;left&#8220; _builder_version=&#8220;3.21.1&#8243; custom_button=&#8220;on&#8220; button_text_size=&#8220;20px&#8220; button_text_color=&#8220;#67ada8&#8243; button_bg_color=&#8220;#fbf0b9&#8243; button_border_color=&#8220;#fbf0b9&#8243; button_border_radius=&#8220;3px&#8220; button_font=&#8220;Roboto||||||||&#8220; button_use_icon=&#8220;off&#8220; custom_margin=&#8220;||40px&#8220;]<br \/>\n[\/et_pb_button][\/et_pb_column][\/et_pb_row][\/et_pb_section][et_pb_section fb_built=&#8220;1&#8243; module_id=&#8220;Kontaktformular&#8220; _builder_version=&#8220;3.22.3&#8243; background_color=&#8220;#67ada8&#8243; custom_padding=&#8220;100px|0px|100px|0px|false|false&#8220;][et_pb_row custom_padding=&#8220;40px|40px|40px|40px|false|false&#8220; disabled_on=&#8220;off|off|off&#8220; _builder_version=&#8220;3.25.4&#8243; background_color=&#8220;#32454c&#8220;][et_pb_column type=&#8220;4_4&#8243; _builder_version=&#8220;3.25&#8243; custom_padding=&#8220;|||&#8220; custom_padding__hover=&#8220;|||&#8220;][et_pb_text _builder_version=&#8220;3.21.1&#8243; text_font=&#8220;Roboto||||||||&#8220; text_text_color=&#8220;#fbf0b9&#8243; text_font_size=&#8220;50px&#8220; text_line_height=&#8220;1.2em&#8220; header_font=&#8220;||||||||&#8220; header_text_color=&#8220;#fbf0b9&#8243; header_font_size=&#8220;55px&#8220; custom_margin=&#8220;||&#8220;]<\/p>\n<p style=\"text-align: center;\">Noch Fragen?<\/p>\n<p>[\/et_pb_text][et_pb_text _builder_version=&#8220;3.19.5&#8243; text_font=&#8220;Roboto||||||||&#8220; text_text_color=&#8220;#fbf0b9&#8243; text_font_size=&#8220;20px&#8220; text_orientation=&#8220;center&#8220; custom_margin=&#8220;80px||&#8220;]<\/p>\n<p>Senden Sie eine Nachricht an die Projektkoordination!<\/p>\n<p>[\/et_pb_text][\/et_pb_column][\/et_pb_row][et_pb_row custom_padding=&#8220;0|0px|0|0px|false|false&#8220; _builder_version=&#8220;3.25&#8243; background_color=&#8220;#32454c&#8220;][et_pb_column type=&#8220;4_4&#8243; _builder_version=&#8220;3.25&#8243; custom_padding=&#8220;|||&#8220; custom_padding__hover=&#8220;|||&#8220;][et_pb_divider color=&#8220;#67ada8&#8243; divider_style=&#8220;dashed&#8220; divider_position=&#8220;bottom&#8220; divider_weight=&#8220;3px&#8220; _builder_version=&#8220;3.19.8&#8243;]<br \/>\n[\/et_pb_divider][\/et_pb_column][\/et_pb_row][et_pb_row custom_padding=&#8220;40px|0px|40px|0px|false|false&#8220; _builder_version=&#8220;3.25&#8243; background_color=&#8220;#32454c&#8220;][et_pb_column type=&#8220;4_4&#8243; _builder_version=&#8220;3.25&#8243; custom_padding=&#8220;|||&#8220; custom_padding__hover=&#8220;|||&#8220;][et_pb_contact_form email=&#8220;sabrina.schreiner@umsicht.fraunhofer.de&#8220; _builder_version=&#8220;3.23.3&#8243; form_field_background_color=&#8220;#fbf0b9&#8243; form_field_text_color=&#8220;#32454c&#8220; form_field_focus_background_color=&#8220;#fbf0b9&#8243; form_field_focus_text_color=&#8220;#32454c&#8220; title_font=&#8220;||||||||&#8220; captcha_font=&#8220;Roboto||||||||&#8220; captcha_text_color=&#8220;#fbf0b9&#8243; captcha_font_size=&#8220;20px&#8220; form_field_font=&#8220;Roboto||||||||&#8220; form_field_font_size=&#8220;20px&#8220; custom_button=&#8220;on&#8220; button_text_size=&#8220;20px&#8220; button_text_color=&#8220;#32454c&#8220; button_bg_color=&#8220;#f1c907&#8243; button_border_width=&#8220;15px&#8220; button_border_color=&#8220;#f1c907&#8243; button_border_radius=&#8220;3px&#8220; button_font=&#8220;Roboto||||||||&#8220; button_use_icon=&#8220;off&#8220; custom_margin=&#8220;|40px||40px&#8220;][et_pb_contact_field field_id=&#8220;Name&#8220; field_title=&#8220;Ihr Name&#8220; _builder_version=&#8220;3.23&#8243; form_field_background_color=&#8220;#fbf0b9&#8243; form_field_text_color=&#8220;#32454c&#8220; form_field_font=&#8220;||||||||&#8220; border_radii=&#8220;on||||&#8220; field_background_color=&#8220;#fbf0b9&#8243; button_text_size__hover_enabled=&#8220;off&#8220; button_one_text_size__hover_enabled=&#8220;off&#8220; button_two_text_size__hover_enabled=&#8220;off&#8220; button_text_color__hover_enabled=&#8220;off&#8220; button_one_text_color__hover_enabled=&#8220;off&#8220; button_two_text_color__hover_enabled=&#8220;off&#8220; button_border_width__hover_enabled=&#8220;off&#8220; button_one_border_width__hover_enabled=&#8220;off&#8220; button_two_border_width__hover_enabled=&#8220;off&#8220; button_border_color__hover_enabled=&#8220;off&#8220; button_one_border_color__hover_enabled=&#8220;off&#8220; button_two_border_color__hover_enabled=&#8220;off&#8220; button_border_radius__hover_enabled=&#8220;off&#8220; button_one_border_radius__hover_enabled=&#8220;off&#8220; button_two_border_radius__hover_enabled=&#8220;off&#8220; button_letter_spacing__hover_enabled=&#8220;off&#8220; button_one_letter_spacing__hover_enabled=&#8220;off&#8220; button_two_letter_spacing__hover_enabled=&#8220;off&#8220; button_bg_color__hover_enabled=&#8220;off&#8220; button_one_bg_color__hover_enabled=&#8220;off&#8220; button_two_bg_color__hover_enabled=&#8220;off&#8220;][\/et_pb_contact_field][et_pb_contact_field field_id=&#8220;Email&#8220; field_title=&#8220;Ihre E-Mail-Adresse&#8220; field_type=&#8220;email&#8220; _builder_version=&#8220;3.23&#8243; form_field_background_color=&#8220;#fbf0b9&#8243; form_field_text_color=&#8220;#32454c&#8220; form_field_font=&#8220;||||||||&#8220; border_radii=&#8220;on||||&#8220; field_background_color=&#8220;#fbf0b9&#8243; button_text_size__hover_enabled=&#8220;off&#8220; button_one_text_size__hover_enabled=&#8220;off&#8220; button_two_text_size__hover_enabled=&#8220;off&#8220; button_text_color__hover_enabled=&#8220;off&#8220; button_one_text_color__hover_enabled=&#8220;off&#8220; button_two_text_color__hover_enabled=&#8220;off&#8220; button_border_width__hover_enabled=&#8220;off&#8220; button_one_border_width__hover_enabled=&#8220;off&#8220; button_two_border_width__hover_enabled=&#8220;off&#8220; button_border_color__hover_enabled=&#8220;off&#8220; button_one_border_color__hover_enabled=&#8220;off&#8220; button_two_border_color__hover_enabled=&#8220;off&#8220; button_border_radius__hover_enabled=&#8220;off&#8220; button_one_border_radius__hover_enabled=&#8220;off&#8220; button_two_border_radius__hover_enabled=&#8220;off&#8220; button_letter_spacing__hover_enabled=&#8220;off&#8220; button_one_letter_spacing__hover_enabled=&#8220;off&#8220; button_two_letter_spacing__hover_enabled=&#8220;off&#8220; button_bg_color__hover_enabled=&#8220;off&#8220; button_one_bg_color__hover_enabled=&#8220;off&#8220; button_two_bg_color__hover_enabled=&#8220;off&#8220;][\/et_pb_contact_field][et_pb_contact_field field_id=&#8220;Betreff&#8220; field_title=&#8220;Betreff&#8220; fullwidth_field=&#8220;on&#8220; _builder_version=&#8220;3.23&#8243; form_field_background_color=&#8220;#fbf0b9&#8243; form_field_text_color=&#8220;#32454c&#8220; form_field_font=&#8220;||||||||&#8220; field_background_color=&#8220;#fbf0b9&#8243;][\/et_pb_contact_field][et_pb_contact_field field_id=&#8220;Message&#8220; field_title=&#8220;Ihre Nachricht&#8220; field_type=&#8220;text&#8220; fullwidth_field=&#8220;on&#8220; _builder_version=&#8220;3.23&#8243; form_field_background_color=&#8220;#fbf0b9&#8243; form_field_text_color=&#8220;#32454c&#8220; form_field_font=&#8220;||||||||&#8220; border_radii=&#8220;on||||&#8220; field_background_color=&#8220;#fbf0b9&#8243; button_text_size__hover_enabled=&#8220;off&#8220; button_one_text_size__hover_enabled=&#8220;off&#8220; button_two_text_size__hover_enabled=&#8220;off&#8220; button_text_color__hover_enabled=&#8220;off&#8220; button_one_text_color__hover_enabled=&#8220;off&#8220; button_two_text_color__hover_enabled=&#8220;off&#8220; button_border_width__hover_enabled=&#8220;off&#8220; button_one_border_width__hover_enabled=&#8220;off&#8220; button_two_border_width__hover_enabled=&#8220;off&#8220; button_border_color__hover_enabled=&#8220;off&#8220; button_one_border_color__hover_enabled=&#8220;off&#8220; button_two_border_color__hover_enabled=&#8220;off&#8220; button_border_radius__hover_enabled=&#8220;off&#8220; button_one_border_radius__hover_enabled=&#8220;off&#8220; button_two_border_radius__hover_enabled=&#8220;off&#8220; button_letter_spacing__hover_enabled=&#8220;off&#8220; button_one_letter_spacing__hover_enabled=&#8220;off&#8220; button_two_letter_spacing__hover_enabled=&#8220;off&#8220; button_bg_color__hover_enabled=&#8220;off&#8220; button_one_bg_color__hover_enabled=&#8220;off&#8220; button_two_bg_color__hover_enabled=&#8220;off&#8220;][\/et_pb_contact_field][\/et_pb_contact_form][\/et_pb_column][\/et_pb_row][\/et_pb_section]<\/p>\n","protected":false},"excerpt":{"rendered":"<p>Mitglieder im Projekt Fraunhofer UMSICHT Osterfelder Stra\u00dfe 3 46047 Oberhausen Sanit\u00e4tshaus Kraft Kl\u00f6nnestra\u00dfe 86 44143 Dortmund Bergische Universit\u00e4t Wuppertal Lehrstuhl f\u00fcr Arbeits-, Organisations- und Wirtschaftspsychologie (AOW) Gau\u00dfstra\u00dfe 20 42119 Wuppertal DEZENTRALE Richardstra\u00dfe 18 44137 Dortmund MMID GmbH Zollverein-Heinrich-Imig-Stra\u00dfe 10A Geb\u00e4ude C90 45141 Essen Noch Fragen?Senden Sie eine Nachricht an die Projektkoordination!<\/p>\n","protected":false},"author":4,"featured_media":0,"parent":0,"menu_order":0,"comment_status":"closed","ping_status":"closed","template":"","meta":{"_et_pb_use_builder":"on","_et_pb_old_content":"","_et_gb_content_width":"","footnotes":""},"class_list":["post-1226","page","type-page","status-publish","hentry"],"_links":{"self":[{"href":"https:\/\/seniordesignlab.de\/index.php\/wp-json\/wp\/v2\/pages\/1226","targetHints":{"allow":["GET"]}}],"collection":[{"href":"https:\/\/seniordesignlab.de\/index.php\/wp-json\/wp\/v2\/pages"}],"about":[{"href":"https:\/\/seniordesignlab.de\/index.php\/wp-json\/wp\/v2\/types\/page"}],"author":[{"embeddable":true,"href":"https:\/\/seniordesignlab.de\/index.php\/wp-json\/wp\/v2\/users\/4"}],"replies":[{"embeddable":true,"href":"https:\/\/seniordesignlab.de\/index.php\/wp-json\/wp\/v2\/comments?post=1226"}],"version-history":[{"count":29,"href":"https:\/\/seniordesignlab.de\/index.php\/wp-json\/wp\/v2\/pages\/1226\/revisions"}],"predecessor-version":[{"id":2309,"href":"https:\/\/seniordesignlab.de\/index.php\/wp-json\/wp\/v2\/pages\/1226\/revisions\/2309"}],"wp:attachment":[{"href":"https:\/\/seniordesignlab.de\/index.php\/wp-json\/wp\/v2\/media?parent=1226"}],"curies":[{"name":"wp","href":"https:\/\/api.w.org\/{rel}","templated":true}]}}