{"id":1351,"date":"2019-02-18T18:54:37","date_gmt":"2019-02-18T17:54:37","guid":{"rendered":"https:\/\/websites.fraunhofer.de\/seniordesignlab\/?page_id=1351"},"modified":"2020-03-12T15:43:36","modified_gmt":"2020-03-12T14:43:36","slug":"mitmachen","status":"publish","type":"page","link":"https:\/\/seniordesignlab.de\/index.php\/mitmachen\/","title":{"rendered":"Mitmachen"},"content":{"rendered":"<p>[et_pb_section fb_built=&#8220;1&#8243; _builder_version=&#8220;3.22.3&#8243; background_color=&#8220;#67ada8&#8243; custom_padding=&#8220;100px|0px|0|0px|false|false&#8220;][et_pb_row column_structure=&#8220;1_2,1_2&#8243; _builder_version=&#8220;3.25&#8243; custom_padding=&#8220;0|0px|0|0px|false|false&#8220;][et_pb_column type=&#8220;1_2&#8243; _builder_version=&#8220;3.25&#8243; custom_padding=&#8220;|||&#8220; custom_padding__hover=&#8220;|||&#8220;][et_pb_text disabled_on=&#8220;off|off|off&#8220; _builder_version=&#8220;3.27.4&#8243; text_font=&#8220;Roboto|600|||||||&#8220; header_font=&#8220;Roboto|600|||||||&#8220; header_text_color=&#8220;#fbf0b9&#8243; header_font_size=&#8220;55px&#8220; header_letter_spacing=&#8220;1px&#8220; header_line_height=&#8220;1.2em&#8220;]<\/p>\n<h1 style=\"text-align: right;\">Unsere <br \/>Zielgruppen<\/h1>\n<p>[\/et_pb_text][\/et_pb_column][et_pb_column type=&#8220;1_2&#8243; _builder_version=&#8220;3.25&#8243; custom_padding=&#8220;|||&#8220; custom_padding__hover=&#8220;|||&#8220;][et_pb_text _builder_version=&#8220;4.3.4&#8243; text_font=&#8220;Roboto||||||||&#8220; text_text_color=&#8220;#fbf0b9&#8243; text_font_size=&#8220;20px&#8220; text_line_height=&#8220;1.2em&#8220; custom_padding=&#8220;30px|20px|||false|false&#8220;]<\/p>\n<p>Wir glauben, dass Jung und Alt, Profi und Laie, Hausfrau und T\u00fcftler gemeinsam und in k\u00fcrzester Zeit unz\u00e4hlige Ideen dazu entwickeln k\u00f6nnen, wie der Generation ab 50 der Alltag erleichtert werden kann.<\/p>\n<p>[\/et_pb_text][\/et_pb_column][\/et_pb_row][\/et_pb_section][et_pb_section fb_built=&#8220;1&#8243; disabled_on=&#8220;off|off|off&#8220; module_id=&#8220;BestAger&#8220; _builder_version=&#8220;3.22.7&#8243; background_color=&#8220;#67ada8&#8243; custom_padding=&#8220;100px|0px|0|0px|false|false&#8220;][et_pb_row disabled_on=&#8220;off|off|off&#8220; _builder_version=&#8220;4.3.4&#8243; background_color=&#8220;#32454c&#8220; custom_padding=&#8220;40px|40px|40px|40px|false|false&#8220;][et_pb_column type=&#8220;4_4&#8243; _builder_version=&#8220;3.25&#8243; custom_padding=&#8220;|||&#8220; custom_padding__hover=&#8220;|||&#8220;][et_pb_text _builder_version=&#8220;3.27.4&#8243; text_font=&#8220;Roboto||||||||&#8220; text_text_color=&#8220;#f1c907&#8243; text_font_size=&#8220;50px&#8220; text_line_height=&#8220;1.2em&#8220; header_font=&#8220;||||||||&#8220; header_text_color=&#8220;#fbf0b9&#8243; header_font_size=&#8220;55px&#8220; custom_margin=&#8220;||&#8220;]<\/p>\n<p style=\"text-align: center;\">Best Ager (50+)<\/p>\n<p>[\/et_pb_text][\/et_pb_column][\/et_pb_row][et_pb_row column_structure=&#8220;1_2,1_2&#8243; _builder_version=&#8220;4.3.4&#8243; background_color=&#8220;#32454c&#8220; custom_padding=&#8220;40px|40px|40px|40px|false|false&#8220;][et_pb_column type=&#8220;1_2&#8243; _builder_version=&#8220;3.25&#8243; custom_padding=&#8220;|||&#8220; custom_padding__hover=&#8220;|||&#8220;][et_pb_text _builder_version=&#8220;4.3.4&#8243; text_font=&#8220;Roboto||||||||&#8220; text_text_color=&#8220;#f1c907&#8243; text_font_size=&#8220;20px&#8220; text_line_height=&#8220;1.2em&#8220; header_font=&#8220;||||||||&#8220; text_orientation=&#8220;right&#8220; custom_margin=&#8220;||&#8220; custom_padding=&#8220;||0px|20px&#8220;]<\/p>\n<p>Der englische Begriff &#8222;Best Ager&#8220; bedeutet auf Deutsch sinngem\u00e4\u00df &#8222;Menschen im besten Alter&#8220;. Zu der Zielgruppe &#8222;Best Ager&#8220; z\u00e4hlen M\u00e4nner und Frauen, die \u00fcber 50 Jahre alt sind.<\/p>\n<p>[\/et_pb_text][\/et_pb_column][et_pb_column type=&#8220;1_2&#8243; _builder_version=&#8220;3.25&#8243; custom_padding=&#8220;|||&#8220; custom_padding__hover=&#8220;|||&#8220;][et_pb_text _builder_version=&#8220;4.3.4&#8243; text_font=&#8220;Roboto|300|||||||&#8220; text_text_color=&#8220;#fbf0b9&#8243; text_font_size=&#8220;20px&#8220; text_line_height=&#8220;1.2em&#8220;]Best Ager sehen sich selbst als achtsamer, bewusster und ges\u00fcnder lebend. Im Laufe der Zeit haben sie gelernt, sich selbst mehr in den Mittelpunkt zu stellen. Ihre eigenen W\u00fcnsche, Bed\u00fcrfnisse und Ziele werden in diesem Lebensabschnitt st\u00e4rker fokussiert und umgesetzt.[\/et_pb_text][\/et_pb_column][\/et_pb_row][et_pb_row column_structure=&#8220;1_2,1_2&#8243; _builder_version=&#8220;3.25&#8243; background_color=&#8220;#fbf0b9&#8243; custom_padding=&#8220;40px|40px|40px|40px|false|false&#8220;][et_pb_column type=&#8220;1_2&#8243; _builder_version=&#8220;3.25&#8243; custom_padding=&#8220;|||&#8220; custom_padding__hover=&#8220;|||&#8220;][\/et_pb_column][et_pb_column type=&#8220;1_2&#8243; _builder_version=&#8220;3.25&#8243; custom_padding=&#8220;|||&#8220; custom_padding__hover=&#8220;|||&#8220;][et_pb_text _builder_version=&#8220;4.3.4&#8243; text_font=&#8220;Roboto|300|||||||&#8220; text_text_color=&#8220;#32454c&#8220; text_font_size=&#8220;20px&#8220; text_line_height=&#8220;1.2em&#8220; header_font=&#8220;||||||||&#8220; header_text_color=&#8220;#fbf0b9&#8243;]<\/p>\n<p>Im Workshop sind Best Ager die Experten und geben direkte Impulse zur L\u00f6sungsentwicklung f\u00fcr echte Probleme. Gemeinsam mit Designexperten entwickeln sie Alltagshelfer und Services, die sie tats\u00e4chlich brauchen.<\/p>\n<p>Als Dankesch\u00f6n erhalten sie ein Zertifikat \u00fcber die Teilnahme an dem Workshop, sowie ein kleines Sachgeschenk.<\/p>\n<p>[\/et_pb_text][\/et_pb_column][\/et_pb_row][\/et_pb_section][et_pb_section fb_built=&#8220;1&#8243; disabled_on=&#8220;off|off|off&#8220; module_id=&#8220;Designer&#8220; _builder_version=&#8220;3.22.3&#8243; background_color=&#8220;#67ada8&#8243; custom_padding=&#8220;100px|0px|0|0px|false|false&#8220;][et_pb_row disabled_on=&#8220;off|off|off&#8220; _builder_version=&#8220;4.3.4&#8243; background_color=&#8220;#32454c&#8220; custom_padding=&#8220;40px|40px|40px|40px|false|false&#8220;][et_pb_column type=&#8220;4_4&#8243; _builder_version=&#8220;3.25&#8243; custom_padding=&#8220;|||&#8220; custom_padding__hover=&#8220;|||&#8220;][et_pb_text _builder_version=&#8220;4.3.4&#8243; text_font=&#8220;Roboto||||||||&#8220; text_text_color=&#8220;#f1c907&#8243; text_font_size=&#8220;50px&#8220; text_line_height=&#8220;1.2em&#8220; header_font=&#8220;||||||||&#8220; header_text_color=&#8220;#fbf0b9&#8243; header_font_size=&#8220;55px&#8220; custom_margin=&#8220;||&#8220;]<\/p>\n<p style=\"text-align: center;\">Designer*in<\/p>\n<p>[\/et_pb_text][\/et_pb_column][\/et_pb_row][et_pb_row column_structure=&#8220;1_2,1_2&#8243; _builder_version=&#8220;4.3.4&#8243; background_color=&#8220;#32454c&#8220; custom_padding=&#8220;40px|40px|40px|40px|false|false&#8220;][et_pb_column type=&#8220;1_2&#8243; _builder_version=&#8220;3.25&#8243; custom_padding=&#8220;|||&#8220; custom_padding__hover=&#8220;|||&#8220;][et_pb_text _builder_version=&#8220;4.3.4&#8243; text_font=&#8220;Roboto||||||||&#8220; text_text_color=&#8220;#f1c907&#8243; text_font_size=&#8220;20px&#8220; text_line_height=&#8220;1.2em&#8220; header_font=&#8220;||||||||&#8220; header_text_color=&#8220;#fbf0b9&#8243; text_orientation=&#8220;right&#8220; text_text_align=&#8220;right&#8220;]<\/p>\n<p>Designer*innen, die sich \u00fcber den demografischen Wandel und die daraus folgenden Anforderungen an die Produktgestaltung weiterbilden m\u00f6chten sind unsere Zielgruppe!<\/p>\n<p>[\/et_pb_text][\/et_pb_column][et_pb_column type=&#8220;1_2&#8243; _builder_version=&#8220;3.25&#8243; custom_padding=&#8220;|||&#8220; custom_padding__hover=&#8220;|||&#8220;][et_pb_text _builder_version=&#8220;4.3.4&#8243; text_font=&#8220;Roboto|300|||||||&#8220; text_text_color=&#8220;#fbf0b9&#8243; text_font_size=&#8220;20px&#8220; text_line_height=&#8220;1.2em&#8220; header_font=&#8220;||||||||&#8220; header_text_color=&#8220;#fbf0b9&#8243;]<\/p>\n<p>Die Designer*innen arbeiten mit Fokus auf Dienstleistungen und Produkten und haben bereits Erfahrungen im Umgang mit typischen Designprozessen.<\/p>\n<p>[\/et_pb_text][\/et_pb_column][\/et_pb_row][et_pb_row column_structure=&#8220;1_2,1_2&#8243; _builder_version=&#8220;3.25&#8243; background_color=&#8220;#fbf0b9&#8243; custom_padding=&#8220;40px|40px|40px|40px|false|false&#8220;][et_pb_column type=&#8220;1_2&#8243; _builder_version=&#8220;3.25&#8243; custom_padding=&#8220;|||&#8220; custom_padding__hover=&#8220;|||&#8220;][\/et_pb_column][et_pb_column type=&#8220;1_2&#8243; _builder_version=&#8220;3.25&#8243; custom_padding=&#8220;|||&#8220; custom_padding__hover=&#8220;|||&#8220;][et_pb_text _builder_version=&#8220;4.3.4&#8243; text_font=&#8220;Roboto|300|||||||&#8220; text_text_color=&#8220;#32454c&#8220; text_font_size=&#8220;20px&#8220; text_line_height=&#8220;1.2em&#8220; header_font=&#8220;||||||||&#8220; header_text_color=&#8220;#fbf0b9&#8243;]<\/p>\n<p>Im Workshop sind sie die Experten f\u00fcr Designprozesse. Die Desiger*innen erhalten zus\u00e4tzlich Werkzeuge und Methoden, die ihnen Einblicke in die Bed\u00fcrfnisse und Lebenswelt der Generation ab 50 gew\u00e4hren und die Entwicklung unz\u00e4hliger Ideen zu Produkt- und Serviceinnovationen erm\u00f6glichen.<\/p>\n<p>F\u00fcr die Teilnahme an dem Design-Thinking-Workshop erhalten sie au\u00dferdem ein Zertifikat.<\/p>\n<p>[\/et_pb_text][\/et_pb_column][\/et_pb_row][\/et_pb_section][et_pb_section fb_built=&#8220;1&#8243; disabled_on=&#8220;off|off|off&#8220; module_id=&#8220;Handwerker&#8220; _builder_version=&#8220;3.22.3&#8243; background_color=&#8220;#67ada8&#8243; custom_padding=&#8220;100px|0px|100px|0px|false|false&#8220;][et_pb_row disabled_on=&#8220;off|off|off&#8220; _builder_version=&#8220;4.3.4&#8243; background_color=&#8220;#32454c&#8220; custom_padding=&#8220;40px|40px|40px|40px|false|false&#8220;][et_pb_column type=&#8220;4_4&#8243; _builder_version=&#8220;3.25&#8243; custom_padding=&#8220;|||&#8220; custom_padding__hover=&#8220;|||&#8220;][et_pb_text _builder_version=&#8220;3.27.4&#8243; text_font=&#8220;Roboto||||||||&#8220; text_text_color=&#8220;#f1c907&#8243; text_font_size=&#8220;50px&#8220; text_line_height=&#8220;1.2em&#8220; header_font=&#8220;||||||||&#8220; header_text_color=&#8220;#fbf0b9&#8243; header_font_size=&#8220;55px&#8220; custom_margin=&#8220;||&#8220;]<\/p>\n<p style=\"text-align: center;\">Produktentwickler*innen<\/p>\n<p>[\/et_pb_text][\/et_pb_column][\/et_pb_row][et_pb_row column_structure=&#8220;1_2,1_2&#8243; _builder_version=&#8220;4.3.4&#8243; background_color=&#8220;#32454c&#8220; custom_padding=&#8220;40px|40px|40px|40px|false|false&#8220;][et_pb_column type=&#8220;1_2&#8243; _builder_version=&#8220;3.25&#8243; custom_padding=&#8220;|||&#8220; custom_padding__hover=&#8220;|||&#8220;][et_pb_text _builder_version=&#8220;4.3.4&#8243; text_font=&#8220;Roboto||||||||&#8220; text_text_color=&#8220;#f1c907&#8243; text_font_size=&#8220;20px&#8220; text_line_height=&#8220;1.2em&#8220; header_font=&#8220;||||||||&#8220; header_text_color=&#8220;#fbf0b9&#8243; text_orientation=&#8220;right&#8220; text_text_align=&#8220;right&#8220;]<\/p>\n<p>Kreative T\u00fcftler*innen, die sich f\u00fcrs Handwerk begeistern und gerne mit neuen Fertigungsmethoden experimentieren. Denn Ideen sind noch keine Produkte!<\/p>\n<p>[\/et_pb_text][\/et_pb_column][et_pb_column type=&#8220;1_2&#8243; _builder_version=&#8220;3.25&#8243; custom_padding=&#8220;|||&#8220; custom_padding__hover=&#8220;|||&#8220;][et_pb_text _builder_version=&#8220;4.3.4&#8243; text_font=&#8220;Roboto|300|||||||&#8220; text_text_color=&#8220;#fbf0b9&#8243; text_font_size=&#8220;20px&#8220; text_line_height=&#8220;1.2em&#8220; header_font=&#8220;||||||||&#8220; header_text_color=&#8220;#fbf0b9&#8243;]<\/p>\n<p>Im FabLab der Dezentrale Dortmund erhalten die Produktentwickler*innen eine Einf\u00fchrung in die Werkstatt (3D-Drucker, Lasercutter, &#8230;) und k\u00f6nnen Produktideen, die schon im Raum stehen oder in den vorherigen Workshops entstanden sind, diskutieren und an der Umsetzung arbeiten.<\/p>\n<p>[\/et_pb_text][\/et_pb_column][\/et_pb_row][et_pb_row disabled_on=&#8220;off|off|off&#8220; _builder_version=&#8220;3.25.4&#8243; background_color=&#8220;#fbf0b9&#8243; custom_padding=&#8220;40px|40px|40px|40px|false|false&#8220;][et_pb_column type=&#8220;4_4&#8243; _builder_version=&#8220;3.25&#8243; custom_padding=&#8220;|||&#8220; custom_padding__hover=&#8220;|||&#8220;][et_pb_text _builder_version=&#8220;4.3.4&#8243; text_font=&#8220;Roboto||||||||&#8220; text_text_color=&#8220;#32454c&#8220; text_font_size=&#8220;50px&#8220; text_line_height=&#8220;1.2em&#8220; header_font=&#8220;||||||||&#8220; header_text_color=&#8220;#fbf0b9&#8243; header_font_size=&#8220;55px&#8220; custom_margin=&#8220;||&#8220;]<\/p>\n<p style=\"text-align: center;\">Was ist ein FabLab?<\/p>\n<p>[\/et_pb_text][\/et_pb_column][\/et_pb_row][et_pb_row column_structure=&#8220;1_2,1_2&#8243; _builder_version=&#8220;3.25.4&#8243; background_color=&#8220;#fbf0b9&#8243; custom_padding=&#8220;40px|40px|40px|40px|false|false&#8220;][et_pb_column type=&#8220;1_2&#8243; _builder_version=&#8220;3.25&#8243; custom_padding=&#8220;|||&#8220; custom_padding__hover=&#8220;|||&#8220;][et_pb_text _builder_version=&#8220;4.3.4&#8243; text_font=&#8220;Roboto||||||||&#8220; text_text_color=&#8220;#32454c&#8220; text_font_size=&#8220;20px&#8220; text_line_height=&#8220;1.2em&#8220; text_orientation=&#8220;right&#8220;]<\/p>\n<p>Fr\u00fcher hie\u00df es Werkstatt, heute ist es das FabLab (engl. fabrication laboratory): Eine offene Werkstatt mit dem Ziel Privatpersonen den Zugang zu den neuen Produktionsmitteln des Direct Digital Manufacturings (3D-Drucker, 3D-Scanner, Lasercutter etc.) zu erm\u00f6glichen.<\/p>\n<p>[\/et_pb_text][\/et_pb_column][et_pb_column type=&#8220;1_2&#8243; _builder_version=&#8220;3.25&#8243; custom_padding=&#8220;|||&#8220; custom_padding__hover=&#8220;|||&#8220;][et_pb_text _builder_version=&#8220;4.3.4&#8243; text_font=&#8220;Roboto|300|||||||&#8220; text_text_color=&#8220;#32454c&#8220; text_font_size=&#8220;20px&#8220; text_line_height=&#8220;1.2em&#8220;]Das FabLab kombiniert also digitales Knowhow und traditionelles Handwerk (Formfindung, Anpassung, Nachbearbeitung). Es ist eine \u00bbDigitale Handwerkstatt\u00ab, die Generationen zusammenf\u00fchrt. Alt und Jung, Experte und Laie entwickeln auf Augenh\u00f6he Produkte f\u00fcr den demografischen Wandel. An der Hand haben sie neue Maschinen, Werkzeuge und kurze dezentrale Vertriebswege, die r\u00e4umlich und emotional n\u00e4her mit den Menschen verbunden sind.[\/et_pb_text][\/et_pb_column][\/et_pb_row][et_pb_row _builder_version=&#8220;3.25.4&#8243; background_color=&#8220;#fbf0b9&#8243; custom_margin=&#8220;|||&#8220; custom_padding=&#8220;0px|0px|0px|0px|false|false&#8220;][et_pb_column type=&#8220;4_4&#8243; _builder_version=&#8220;3.25&#8243; custom_padding=&#8220;|||&#8220; custom_padding__hover=&#8220;|||&#8220;][et_pb_divider color=&#8220;#32454c&#8220; divider_style=&#8220;dashed&#8220; divider_position=&#8220;bottom&#8220; divider_weight=&#8220;4px&#8220; _builder_version=&#8220;4.3.4&#8243;]<\/p>\n<p>[\/et_pb_divider][\/et_pb_column][\/et_pb_row][et_pb_row column_structure=&#8220;1_2,1_2&#8243; _builder_version=&#8220;3.25.4&#8243; background_color=&#8220;#fbf0b9&#8243; custom_padding=&#8220;40px|40px|40px|40px|false|false&#8220;][et_pb_column type=&#8220;1_2&#8243; _builder_version=&#8220;3.25&#8243; custom_padding=&#8220;|||&#8220; custom_padding__hover=&#8220;|||&#8220;][et_pb_text _builder_version=&#8220;4.3.4&#8243; text_font=&#8220;Roboto||||||||&#8220; text_text_color=&#8220;#32454c&#8220; text_font_size=&#8220;20px&#8220; text_line_height=&#8220;1.2em&#8220; header_font=&#8220;||||||||&#8220; text_orientation=&#8220;right&#8220;]<\/p>\n<p>Das FabLab des +SeniorDesignLab ist die DEZENTRALE in der Richardstra\u00dfe in Dortmund. Hier ist folgendes m\u00f6glich:<\/p>\n<p>[\/et_pb_text][\/et_pb_column][et_pb_column type=&#8220;1_2&#8243; _builder_version=&#8220;3.25&#8243; custom_padding=&#8220;|||&#8220; custom_padding__hover=&#8220;|||&#8220;][et_pb_text _builder_version=&#8220;4.3.4&#8243; text_font=&#8220;Roboto|300|||||||&#8220; text_text_color=&#8220;#32454c&#8220; text_font_size=&#8220;20px&#8220; text_line_height=&#8220;1.2em&#8220;]<\/p>\n<ul>\n<li>Schneiden und Gravieren (Lasercutter, Folienschneider)<\/li>\n<li>Subtraktives Arbeiten (CNC-Fr\u00e4se, hei\u00dfer Draht)<\/li>\n<li>Additives Arbeiten (3D-Drucker mit verschiedenen Kunststoffen)<\/li>\n<li>Elektronik herstellen (L\u00f6tstation, Mikrocontroller)<\/li>\n<li>3D-Scannen<\/li>\n<\/ul>\n<p>[\/et_pb_text][\/et_pb_column][\/et_pb_row][et_pb_row column_structure=&#8220;1_2,1_2&#8243; _builder_version=&#8220;3.25.4&#8243; background_color=&#8220;#32454c&#8220; custom_padding=&#8220;40px|40px|40px|40px|false|false&#8220;][et_pb_column type=&#8220;1_2&#8243; _builder_version=&#8220;3.25&#8243; custom_padding=&#8220;|||&#8220; custom_padding__hover=&#8220;|||&#8220;][et_pb_text _builder_version=&#8220;4.3.4&#8243; text_font=&#8220;Roboto||||||||&#8220; text_text_color=&#8220;#fbf0b9&#8243; text_font_size=&#8220;20px&#8220; text_line_height=&#8220;1.2em&#8220; header_font=&#8220;||||||||&#8220; header_text_align=&#8220;right&#8220; text_orientation=&#8220;right&#8220;]<\/p>\n<p>Weitere Informationen zum FabLab des +SeniorDesignLab:<\/p>\n<p>[\/et_pb_text][\/et_pb_column][et_pb_column type=&#8220;1_2&#8243; _builder_version=&#8220;3.25&#8243; custom_padding=&#8220;|||&#8220; custom_padding__hover=&#8220;|||&#8220;][et_pb_button button_url=&#8220;http:\/\/www.dezentrale-dortmund.de&#8220; url_new_window=&#8220;on&#8220; button_text=&#8220;DEZENTRALE&#8220; button_alignment=&#8220;left&#8220; _builder_version=&#8220;3.25.4&#8243; custom_button=&#8220;on&#8220; button_text_color=&#8220;#f1c907&#8243; button_border_width=&#8220;4px&#8220; button_border_color=&#8220;#f1c907&#8243; button_border_radius=&#8220;0px&#8220; button_font=&#8220;Roboto||||||||&#8220; button_use_icon=&#8220;off&#8220; custom_margin=&#8220;|||0px&#8220; custom_padding=&#8220;|||15px&#8220; saved_tabs=&#8220;all&#8220;]<\/p>\n<p>[\/et_pb_button][\/et_pb_column][\/et_pb_row][\/et_pb_section]<\/p>\n","protected":false},"excerpt":{"rendered":"<p>Unsere ZielgruppenWir glauben, dass Jung und Alt, Profi und Laie, Hausfrau und T\u00fcftler gemeinsam und in k\u00fcrzester Zeit unz\u00e4hlige Ideen dazu entwickeln k\u00f6nnen, wie der Generation ab 50 der Alltag erleichtert werden kann.Best Ager (50+)Der englische Begriff &#8222;Best Ager&#8220; bedeutet auf Deutsch sinngem\u00e4\u00df &#8222;Menschen im besten Alter&#8220;. Zu der Zielgruppe &#8222;Best Ager&#8220; z\u00e4hlen M\u00e4nner und [&hellip;]<\/p>\n","protected":false},"author":4,"featured_media":0,"parent":0,"menu_order":0,"comment_status":"closed","ping_status":"closed","template":"","meta":{"_et_pb_use_builder":"on","_et_pb_old_content":"","_et_gb_content_width":"","footnotes":""},"class_list":["post-1351","page","type-page","status-publish","hentry"],"_links":{"self":[{"href":"https:\/\/seniordesignlab.de\/index.php\/wp-json\/wp\/v2\/pages\/1351","targetHints":{"allow":["GET"]}}],"collection":[{"href":"https:\/\/seniordesignlab.de\/index.php\/wp-json\/wp\/v2\/pages"}],"about":[{"href":"https:\/\/seniordesignlab.de\/index.php\/wp-json\/wp\/v2\/types\/page"}],"author":[{"embeddable":true,"href":"https:\/\/seniordesignlab.de\/index.php\/wp-json\/wp\/v2\/users\/4"}],"replies":[{"embeddable":true,"href":"https:\/\/seniordesignlab.de\/index.php\/wp-json\/wp\/v2\/comments?post=1351"}],"version-history":[{"count":58,"href":"https:\/\/seniordesignlab.de\/index.php\/wp-json\/wp\/v2\/pages\/1351\/revisions"}],"predecessor-version":[{"id":3118,"href":"https:\/\/seniordesignlab.de\/index.php\/wp-json\/wp\/v2\/pages\/1351\/revisions\/3118"}],"wp:attachment":[{"href":"https:\/\/seniordesignlab.de\/index.php\/wp-json\/wp\/v2\/media?parent=1351"}],"curies":[{"name":"wp","href":"https:\/\/api.w.org\/{rel}","templated":true}]}}