{"id":1399,"date":"2019-02-19T17:05:42","date_gmt":"2019-02-19T16:05:42","guid":{"rendered":"https:\/\/websites.fraunhofer.de\/seniordesignlab\/?page_id=1399"},"modified":"2020-03-05T13:10:16","modified_gmt":"2020-03-05T12:10:16","slug":"termine","status":"publish","type":"page","link":"https:\/\/seniordesignlab.de\/index.php\/termine\/","title":{"rendered":"Termine"},"content":{"rendered":"<p>[et_pb_section fb_built=&#8220;1&#8243; disabled_on=&#8220;off|off|off&#8220; module_id=&#8220;Mail-Sprungmarke&#8220; _builder_version=&#8220;3.22.7&#8243; background_color=&#8220;#67ada8&#8243; custom_padding=&#8220;100px|0px|0px|0px|false|false&#8220;][et_pb_row column_structure=&#8220;1_2,1_2&#8243; disabled_on=&#8220;off|off|off&#8220; _builder_version=&#8220;3.25&#8243; custom_padding=&#8220;0px|0px|0px|0px|false|false&#8220;][et_pb_column type=&#8220;1_2&#8243; _builder_version=&#8220;3.25&#8243; custom_padding=&#8220;|||&#8220; custom_padding__hover=&#8220;|||&#8220;][et_pb_text _builder_version=&#8220;3.27.4&#8243; text_font=&#8220;Roboto||||||||&#8220; text_text_color=&#8220;#fbf0b9&#8243; text_font_size=&#8220;55px&#8220; text_line_height=&#8220;1.2em&#8220; header_font=&#8220;Roboto||||||||&#8220; header_text_color=&#8220;#fbf0b9&#8243; header_font_size=&#8220;55px&#8220; text_orientation=&#8220;right&#8220; custom_margin=&#8220;||&#8220;]<\/p>\n<h1 style=\"text-align: right;\">Termine<\/h1>\n<p>[\/et_pb_text][\/et_pb_column][et_pb_column type=&#8220;1_2&#8243; _builder_version=&#8220;3.25&#8243; custom_padding=&#8220;|||&#8220; custom_padding__hover=&#8220;|||&#8220;][\/et_pb_column][\/et_pb_row][\/et_pb_section][et_pb_section fb_built=&#8220;1&#8243; disabled_on=&#8220;on|on|on&#8220; module_id=&#8220;Design-Thinking-Workshops&#8220; _builder_version=&#8220;3.23.3&#8243; background_color=&#8220;#67ada8&#8243; custom_padding=&#8220;100px|0px|0px|0px|false|false&#8220; disabled=&#8220;on&#8220;][et_pb_row disabled_on=&#8220;off|off|off&#8220; _builder_version=&#8220;3.25.4&#8243; background_color=&#8220;#d13f1b&#8220; custom_padding=&#8220;40px|40px|40px|40px|false|false&#8220;][et_pb_column type=&#8220;4_4&#8243; _builder_version=&#8220;3.25&#8243; custom_padding=&#8220;|||&#8220; custom_padding__hover=&#8220;|||&#8220;][et_pb_text _builder_version=&#8220;3.27.4&#8243; text_font=&#8220;Roboto||||||||&#8220; text_text_color=&#8220;#fbf0b9&#8243; text_font_size=&#8220;50px&#8220; text_line_height=&#8220;1.2em&#8220; header_font=&#8220;||||||||&#8220; header_text_color=&#8220;#fbf0b9&#8243; header_font_size=&#8220;55px&#8220; custom_margin=&#8220;||&#8220;]<\/p>\n<p style=\"text-align: center;\">Design-Thinking-Workshops<\/p>\n<p>[\/et_pb_text][\/et_pb_column][\/et_pb_row][et_pb_row column_structure=&#8220;1_4,1_4,1_4,1_4&#8243; _builder_version=&#8220;3.25.4&#8243; background_color=&#8220;#d13f1b&#8220; custom_padding=&#8220;40px|40px|40px|40px|false|false&#8220;][et_pb_column type=&#8220;1_4&#8243; _builder_version=&#8220;3.25&#8243; custom_padding=&#8220;|||&#8220; custom_padding__hover=&#8220;|||&#8220;][et_pb_text _builder_version=&#8220;3.27.4&#8243; text_font=&#8220;Roboto||||||||&#8220; text_text_color=&#8220;#f1c907&#8243; text_font_size=&#8220;20px&#8220; text_line_height=&#8220;1.2em&#8220; header_font=&#8220;||||||||&#8220; header_text_color=&#8220;#fbf0b9&#8243; text_orientation=&#8220;center&#8220; text_text_align=&#8220;center&#8220;]<\/p>\n<p>1.<\/p>\n<p>[\/et_pb_text][et_pb_blurb title=&#8220;Lebenswelt verstehen&#8220; use_icon=&#8220;on&#8220; font_icon=&#8220;%%222%%&#8220; icon_color=&#8220;#f1c907&#8243; use_circle=&#8220;on&#8220; circle_color=&#8220;rgba(0,0,0,0)&#8220; use_circle_border=&#8220;on&#8220; circle_border_color=&#8220;#f1c907&#8243; module_id=&#8220;Best-Ager-Designer&#8220; _builder_version=&#8220;3.25.4&#8243; header_font=&#8220;Roboto||||||||&#8220; header_text_color=&#8220;#f1c907&#8243; header_font_size=&#8220;20px&#8220; header_line_height=&#8220;1.2em&#8220; text_orientation=&#8220;center&#8220; animation=&#8220;off&#8220; border_color_all_image=&#8220;#b7b7b7&#8243;][\/et_pb_blurb][\/et_pb_column][et_pb_column type=&#8220;1_4&#8243; _builder_version=&#8220;3.25&#8243; custom_padding=&#8220;|||&#8220; custom_padding__hover=&#8220;|||&#8220;][et_pb_text _builder_version=&#8220;3.27.4&#8243; text_font=&#8220;Roboto||||||||&#8220; text_text_color=&#8220;#f1c907&#8243; text_font_size=&#8220;20px&#8220; text_line_height=&#8220;1.2em&#8220; header_font=&#8220;||||||||&#8220; header_text_color=&#8220;#fbf0b9&#8243; text_orientation=&#8220;center&#8220; text_text_align=&#8220;center&#8220;]<\/p>\n<p>2.<\/p>\n<p>[\/et_pb_text][et_pb_blurb title=&#8220;Gew\u00fcnschte Verbesserung ausw\u00e4hlen&#8220; use_icon=&#8220;on&#8220; font_icon=&#8220;%%84%%&#8220; icon_color=&#8220;#f1c907&#8243; use_circle=&#8220;on&#8220; circle_color=&#8220;rgba(0,0,0,0)&#8220; use_circle_border=&#8220;on&#8220; circle_border_color=&#8220;#f1c907&#8243; _builder_version=&#8220;3.25.4&#8243; header_font=&#8220;Roboto||||||||&#8220; header_text_color=&#8220;#f1c907&#8243; header_font_size=&#8220;20px&#8220; header_line_height=&#8220;1.2em&#8220; body_font=&#8220;||||||||&#8220; body_text_color=&#8220;#d13f1b&#8220; text_orientation=&#8220;center&#8220; animation=&#8220;off&#8220; border_color_all_image=&#8220;#b7b7b7&#8243;][\/et_pb_blurb][\/et_pb_column][et_pb_column type=&#8220;1_4&#8243; _builder_version=&#8220;3.25&#8243; custom_padding=&#8220;|||&#8220; custom_padding__hover=&#8220;|||&#8220;][et_pb_text _builder_version=&#8220;3.27.4&#8243; text_font=&#8220;Roboto||||||||&#8220; text_text_color=&#8220;#f1c907&#8243; text_font_size=&#8220;20px&#8220; text_line_height=&#8220;1.2em&#8220; header_font=&#8220;||||||||&#8220; header_text_color=&#8220;#fbf0b9&#8243; text_orientation=&#8220;center&#8220; text_text_align=&#8220;center&#8220;]<\/p>\n<p>3.<\/p>\n<p>[\/et_pb_text][et_pb_blurb title=&#8220;Ideen f\u00fcr die Verbesserung gestalten&#8220; use_icon=&#8220;on&#8220; font_icon=&#8220;%%234%%&#8220; icon_color=&#8220;#f1c907&#8243; use_circle=&#8220;on&#8220; circle_color=&#8220;rgba(0,0,0,0)&#8220; use_circle_border=&#8220;on&#8220; circle_border_color=&#8220;#f1c907&#8243; _builder_version=&#8220;3.25.4&#8243; header_font=&#8220;Roboto||||||||&#8220; header_text_color=&#8220;#f1c907&#8243; header_font_size=&#8220;20px&#8220; header_line_height=&#8220;1.2em&#8220; text_orientation=&#8220;center&#8220; animation=&#8220;off&#8220; border_color_all_image=&#8220;#b7b7b7&#8243;][\/et_pb_blurb][\/et_pb_column][et_pb_column type=&#8220;1_4&#8243; _builder_version=&#8220;3.25&#8243; custom_padding=&#8220;|||&#8220; custom_padding__hover=&#8220;|||&#8220;][et_pb_text _builder_version=&#8220;3.27.4&#8243; text_font=&#8220;Roboto|300|||||||&#8220; text_text_color=&#8220;#fbf0b9&#8243; text_font_size=&#8220;20px&#8220; text_line_height=&#8220;1.2em&#8220; header_font=&#8220;||||||||&#8220; header_text_color=&#8220;#fbf0b9&#8243; text_orientation=&#8220;center&#8220; text_text_align=&#8220;center&#8220;]<\/p>\n<p>4.<\/p>\n<p>[\/et_pb_text][et_pb_blurb title=&#8220;Fertige Idee bauen&#8220; use_icon=&#8220;on&#8220; font_icon=&#8220;%%173%%&#8220; icon_color=&#8220;#fbf0b9&#8243; use_circle=&#8220;on&#8220; circle_color=&#8220;rgba(0,0,0,0)&#8220; use_circle_border=&#8220;on&#8220; circle_border_color=&#8220;#fbf0b9&#8243; _builder_version=&#8220;3.23.3&#8243; header_font=&#8220;Roboto|300|||||||&#8220; header_text_color=&#8220;#fbf0b9&#8243; header_font_size=&#8220;20px&#8220; header_line_height=&#8220;1.2em&#8220; text_orientation=&#8220;center&#8220; animation=&#8220;off&#8220; border_color_all_image=&#8220;#b7b7b7&#8243;][\/et_pb_blurb][\/et_pb_column][\/et_pb_row][et_pb_row column_structure=&#8220;1_4,1_4,1_2&#8243; _builder_version=&#8220;3.25&#8243; background_color=&#8220;#fbf0b9&#8243; custom_padding=&#8220;40px|40px|40px|40px|false|false&#8220;][et_pb_column type=&#8220;1_4&#8243; _builder_version=&#8220;3.25&#8243; custom_padding=&#8220;|||&#8220; custom_padding__hover=&#8220;|||&#8220;][et_pb_text _builder_version=&#8220;3.27.4&#8243; text_font=&#8220;Roboto||||||||&#8220; text_text_color=&#8220;#d13f1b&#8220; text_font_size=&#8220;20px&#8220; text_line_height=&#8220;1.2em&#8220; header_font=&#8220;||||||||&#8220; header_text_align=&#8220;left&#8220; header_text_color=&#8220;#fbf0b9&#8243; header_font_size=&#8220;55px&#8220; custom_margin=&#8220;||&#8220;]<\/p>\n<p style=\"text-align: left;\">F\u00fcr Best Ager (ab 50 Jahre) &amp; Designer*innen<\/p>\n<p>[\/et_pb_text][et_pb_text module_id=&#8220;Designerinnen-Designer&#8220; _builder_version=&#8220;3.27.4&#8243; text_font=&#8220;Roboto|300|||||||&#8220; text_text_color=&#8220;#d13f1b&#8220; text_font_size=&#8220;20px&#8220; text_line_height=&#8220;1.2em&#8220; header_font=&#8220;||||||||&#8220; header_text_align=&#8220;left&#8220; header_text_color=&#8220;#fbf0b9&#8243; header_font_size=&#8220;55px&#8220; custom_margin=&#8220;||&#8220;]<\/p>\n<p style=\"text-align: left;\">Vertreter*innen der Generation ab 50 entwickeln gemeinsam mit Designexperten konkrete Ideen f\u00fcr Alltagshelfer, die sie tats\u00e4chlich brauchen.<\/p>\n<p>[\/et_pb_text][\/et_pb_column][et_pb_column type=&#8220;1_4&#8243; _builder_version=&#8220;3.25&#8243; custom_padding=&#8220;|||&#8220; custom_padding__hover=&#8220;|||&#8220;][et_pb_text disabled_on=&#8220;on|on|on&#8220; admin_label=&#8220;Text&#8220; _builder_version=&#8220;3.27.4&#8243; text_font=&#8220;Roboto|300|||||||&#8220; text_text_color=&#8220;#32454c&#8220; text_font_size=&#8220;20px&#8220; text_line_height=&#8220;1.2em&#8220; header_font=&#8220;||||||||&#8220; header_text_align=&#8220;left&#8220; header_text_color=&#8220;#fbf0b9&#8243; header_font_size=&#8220;55px&#8220; custom_margin=&#8220;||&#8220; disabled=&#8220;on&#8220;]<\/p>\n<p style=\"text-align: left;\">Weitere Workshops f\u00fcr den Sommer und Herbst 2019 sind aktuell in Planung und werden in K\u00fcrze hier angek\u00fcndigt.<\/p>\n<p>[\/et_pb_text][et_pb_portfolio fullwidth=&#8220;off&#8220; include_categories=&#8220;33&#8243; show_categories=&#8220;off&#8220; show_pagination=&#8220;off&#8220; disabled_on=&#8220;off|off|off&#8220; _builder_version=&#8220;3.25.4&#8243; title_font=&#8220;Roboto||||||||&#8220; title_text_color=&#8220;#32454c&#8220; title_font_size=&#8220;20px&#8220; title_line_height=&#8220;1.2em&#8220; caption_font=&#8220;||||||||&#8220; custom_margin=&#8220;0px|0px|0px|0px&#8220; custom_padding=&#8220;0px|0px|0px|0px&#8220;][\/et_pb_portfolio][\/et_pb_column][et_pb_column type=&#8220;1_2&#8243; _builder_version=&#8220;3.25&#8243; custom_padding=&#8220;|||&#8220; custom_padding__hover=&#8220;|||&#8220;][\/et_pb_column][\/et_pb_row][et_pb_row disabled_on=&#8220;off|off|off&#8220; _builder_version=&#8220;3.25&#8243; background_color=&#8220;#fbf0b9&#8243; custom_padding=&#8220;0|0px|0|0px|false|false&#8220;][et_pb_column type=&#8220;4_4&#8243; _builder_version=&#8220;3.25&#8243; custom_padding=&#8220;|||&#8220; custom_padding__hover=&#8220;|||&#8220;][et_pb_divider color=&#8220;#67ada8&#8243; divider_style=&#8220;dashed&#8220; divider_position=&#8220;bottom&#8220; divider_weight=&#8220;4px&#8220; _builder_version=&#8220;3.23.4&#8243; height=&#8220;0px&#8220;]<\/p>\n<p>[\/et_pb_divider][\/et_pb_column][\/et_pb_row][et_pb_row column_structure=&#8220;1_4,1_4,1_2&#8243; disabled_on=&#8220;off|off|off&#8220; _builder_version=&#8220;3.25&#8243; background_color=&#8220;#fbf0b9&#8243; custom_padding=&#8220;40px|40px|40px|40px|false|false&#8220;][et_pb_column type=&#8220;1_4&#8243; _builder_version=&#8220;3.25&#8243; custom_padding=&#8220;|||&#8220; custom_padding__hover=&#8220;|||&#8220;][et_pb_text _builder_version=&#8220;3.27.4&#8243; text_font=&#8220;Roboto||||||||&#8220; text_text_color=&#8220;#d13f1b&#8220; text_font_size=&#8220;20px&#8220; text_line_height=&#8220;1.2em&#8220; header_font=&#8220;||||||||&#8220; header_text_align=&#8220;left&#8220; header_text_color=&#8220;#f1c907&#8243; header_font_size=&#8220;55px&#8220; custom_margin=&#8220;||&#8220;]<\/p>\n<p style=\"text-align: left;\">F\u00fcr Designerinnen &#038; Designer<\/p>\n<p>[\/et_pb_text][et_pb_text _builder_version=&#8220;3.27.4&#8243; text_font=&#8220;Roboto|300|||||||&#8220; text_text_color=&#8220;#d13f1b&#8220; text_font_size=&#8220;20px&#8220; text_line_height=&#8220;1.2em&#8220; header_font=&#8220;||||||||&#8220; header_text_align=&#8220;left&#8220; header_text_color=&#8220;#fbf0b9&#8243; header_font_size=&#8220;55px&#8220; custom_margin=&#8220;||&#8220;]<\/p>\n<p style=\"text-align: left;\">Designexpert*innen entwickeln mit Hilfe speziell entwickelter Senior-Design-Thinking-Werkzeuge innovative Produkte und Dienstleistungen f\u00fcr die Generation ab 50.<\/p>\n<p>[\/et_pb_text][\/et_pb_column][et_pb_column type=&#8220;1_4&#8243; _builder_version=&#8220;3.25&#8243; custom_padding=&#8220;|||&#8220; custom_padding__hover=&#8220;|||&#8220;][et_pb_text _builder_version=&#8220;3.27.4&#8243; text_font=&#8220;Roboto|300|||||||&#8220; text_text_color=&#8220;#32454c&#8220; text_font_size=&#8220;20px&#8220; text_line_height=&#8220;1.2em&#8220; header_font=&#8220;||||||||&#8220; header_text_align=&#8220;left&#8220; header_text_color=&#8220;#fbf0b9&#8243; header_font_size=&#8220;55px&#8220; custom_margin=&#8220;||&#8220;]<\/p>\n<p style=\"text-align: left;\">Weitere Workshops f\u00fcr den Sommer und Herbst 2019 sind aktuell in Planung und werden in K\u00fcrze hier angek\u00fcndigt.<\/p>\n<p>[\/et_pb_text][et_pb_portfolio fullwidth=&#8220;off&#8220; include_categories=&#8220;34&#8243; show_categories=&#8220;off&#8220; show_pagination=&#8220;off&#8220; disabled_on=&#8220;on|on|on&#8220; _builder_version=&#8220;3.25.4&#8243; title_font=&#8220;Roboto||||||||&#8220; title_text_color=&#8220;#32454c&#8220; title_font_size=&#8220;20px&#8220; title_line_height=&#8220;1.2em&#8220; custom_margin=&#8220;0px|0px|0px|0px&#8220; custom_padding=&#8220;0px|0px|0px|0px&#8220; disabled=&#8220;on&#8220;][\/et_pb_portfolio][\/et_pb_column][et_pb_column type=&#8220;1_2&#8243; _builder_version=&#8220;3.25&#8243; custom_padding=&#8220;|||&#8220; custom_padding__hover=&#8220;|||&#8220;][\/et_pb_column][\/et_pb_row][\/et_pb_section][et_pb_section fb_built=&#8220;1&#8243; module_id=&#8220;Vergangene-Termine&#8220; _builder_version=&#8220;3.23.3&#8243; background_color=&#8220;#67ada8&#8243; custom_padding=&#8220;100px|0px|100px|0px|false|false&#8220;][et_pb_row disabled_on=&#8220;off|off|off&#8220; _builder_version=&#8220;3.25.4&#8243; background_color=&#8220;#32454c&#8220; custom_padding=&#8220;40px|40px|40px|40px|false|false&#8220;][et_pb_column type=&#8220;4_4&#8243; _builder_version=&#8220;3.25&#8243; custom_padding=&#8220;|||&#8220; custom_padding__hover=&#8220;|||&#8220;][et_pb_text _builder_version=&#8220;3.27.4&#8243; text_font=&#8220;Roboto||||||||&#8220; text_text_color=&#8220;#fbf0b9&#8243; text_font_size=&#8220;50px&#8220; text_line_height=&#8220;1.2em&#8220; header_font=&#8220;||||||||&#8220; header_text_color=&#8220;#fbf0b9&#8243; header_font_size=&#8220;55px&#8220; custom_margin=&#8220;||&#8220;]<\/p>\n<p style=\"text-align: center;\">Eindr\u00fccke vergangener Termine<\/p>\n<p>[\/et_pb_text][\/et_pb_column][\/et_pb_row][et_pb_row _builder_version=&#8220;3.25.4&#8243; background_color=&#8220;#32454c&#8220; custom_padding=&#8220;40px|40px|40px|40px|false|false&#8220;][et_pb_column type=&#8220;4_4&#8243; _builder_version=&#8220;3.25&#8243; custom_padding=&#8220;|||&#8220; custom_padding__hover=&#8220;|||&#8220;][et_pb_portfolio fullwidth=&#8220;off&#8220; posts_number=&#8220;5&#8243; include_categories=&#8220;32&#8243; show_categories=&#8220;off&#8220; show_pagination=&#8220;off&#8220; zoom_icon_color=&#8220;#f1c907&#8243; hover_overlay_color=&#8220;rgba(50,69,76,0.5)&#8220; hover_icon=&#8220;%%186%%&#8220; _builder_version=&#8220;3.25.4&#8243; title_font=&#8220;Roboto||||||||&#8220; title_text_color=&#8220;#fbf0b9&#8243; title_font_size=&#8220;20px&#8220; title_line_height=&#8220;1.2em&#8220;][\/et_pb_portfolio][\/et_pb_column][\/et_pb_row][\/et_pb_section][et_pb_section fb_built=&#8220;1&#8243; disabled_on=&#8220;on|on|on&#8220; module_id=&#8220;Vergangene-Termine&#8220; _builder_version=&#8220;3.23.3&#8243; background_color=&#8220;#67ada8&#8243; custom_padding=&#8220;100px|0px|100px|0px|false|false&#8220; disabled=&#8220;on&#8220;][et_pb_row disabled_on=&#8220;off|off|off&#8220; _builder_version=&#8220;3.25.4&#8243; background_color=&#8220;#32454c&#8220; custom_padding=&#8220;40px|40px|40px|40px|false|false&#8220;][et_pb_column type=&#8220;4_4&#8243; _builder_version=&#8220;3.25&#8243; custom_padding=&#8220;|||&#8220; custom_padding__hover=&#8220;|||&#8220;][et_pb_text _builder_version=&#8220;3.27.4&#8243; text_font=&#8220;Roboto||||||||&#8220; text_text_color=&#8220;#fbf0b9&#8243; text_font_size=&#8220;50px&#8220; text_line_height=&#8220;1.2em&#8220; header_font=&#8220;||||||||&#8220; header_text_color=&#8220;#fbf0b9&#8243; header_font_size=&#8220;55px&#8220; custom_margin=&#8220;||&#8220;]<\/p>\n<p style=\"text-align: center;\">Eindr\u00fccke vergangener Termine<\/p>\n<p>[\/et_pb_text][\/et_pb_column][\/et_pb_row][et_pb_row _builder_version=&#8220;3.25.4&#8243; background_color=&#8220;#32454c&#8220; custom_padding=&#8220;40px|40px|40px|40px|false|false&#8220;][et_pb_column type=&#8220;4_4&#8243; _builder_version=&#8220;3.25&#8243; custom_padding=&#8220;|||&#8220; custom_padding__hover=&#8220;|||&#8220;][et_pb_portfolio fullwidth=&#8220;off&#8220; posts_number=&#8220;5&#8243; include_categories=&#8220;32&#8243; show_categories=&#8220;off&#8220; show_pagination=&#8220;off&#8220; zoom_icon_color=&#8220;#f1c907&#8243; hover_overlay_color=&#8220;rgba(50,69,76,0.5)&#8220; hover_icon=&#8220;%%186%%&#8220; _builder_version=&#8220;3.25.4&#8243; title_font=&#8220;Roboto||||||||&#8220; title_text_color=&#8220;#fbf0b9&#8243; title_font_size=&#8220;20px&#8220; title_line_height=&#8220;1.2em&#8220;][\/et_pb_portfolio][\/et_pb_column][\/et_pb_row][\/et_pb_section]<\/p>\n","protected":false},"excerpt":{"rendered":"<p>TermineDesign-Thinking-Workshops1.2.3.4.F\u00fcr Best Ager (ab 50 Jahre) &amp; Designer*innenVertreter*innen der Generation ab 50 entwickeln gemeinsam mit Designexperten konkrete Ideen f\u00fcr Alltagshelfer, die sie tats\u00e4chlich brauchen.Weitere Workshops f\u00fcr den Sommer und Herbst 2019 sind aktuell in Planung und werden in K\u00fcrze hier angek\u00fcndigt. F\u00fcr Designerinnen &#038; DesignerDesignexpert*innen entwickeln mit Hilfe speziell entwickelter Senior-Design-Thinking-Werkzeuge innovative Produkte und Dienstleistungen [&hellip;]<\/p>\n","protected":false},"author":4,"featured_media":0,"parent":0,"menu_order":0,"comment_status":"closed","ping_status":"closed","template":"","meta":{"_et_pb_use_builder":"on","_et_pb_old_content":"","_et_gb_content_width":"","footnotes":""},"class_list":["post-1399","page","type-page","status-publish","hentry"],"_links":{"self":[{"href":"https:\/\/seniordesignlab.de\/index.php\/wp-json\/wp\/v2\/pages\/1399","targetHints":{"allow":["GET"]}}],"collection":[{"href":"https:\/\/seniordesignlab.de\/index.php\/wp-json\/wp\/v2\/pages"}],"about":[{"href":"https:\/\/seniordesignlab.de\/index.php\/wp-json\/wp\/v2\/types\/page"}],"author":[{"embeddable":true,"href":"https:\/\/seniordesignlab.de\/index.php\/wp-json\/wp\/v2\/users\/4"}],"replies":[{"embeddable":true,"href":"https:\/\/seniordesignlab.de\/index.php\/wp-json\/wp\/v2\/comments?post=1399"}],"version-history":[{"count":50,"href":"https:\/\/seniordesignlab.de\/index.php\/wp-json\/wp\/v2\/pages\/1399\/revisions"}],"predecessor-version":[{"id":2880,"href":"https:\/\/seniordesignlab.de\/index.php\/wp-json\/wp\/v2\/pages\/1399\/revisions\/2880"}],"wp:attachment":[{"href":"https:\/\/seniordesignlab.de\/index.php\/wp-json\/wp\/v2\/media?parent=1399"}],"curies":[{"name":"wp","href":"https:\/\/api.w.org\/{rel}","templated":true}]}}